{"id":12890,"date":"2020-08-18T16:25:19","date_gmt":"2020-08-18T16:25:19","guid":{"rendered":"https:\/\/jorgesalgueiro.com\/works-2\/saxophones\/"},"modified":"2020-09-02T14:47:07","modified_gmt":"2020-09-02T14:47:07","slug":"saxophones","status":"publish","type":"page","link":"https:\/\/jorgesalgueiro.com\/en\/works\/saxophones\/","title":{"rendered":"saxophones"},"content":{"rendered":"\t\t<div data-elementor-type=\"wp-page\" data-elementor-id=\"12890\" class=\"elementor elementor-12890 elementor-12851\" data-elementor-post-type=\"page\">\n\t\t\t\t\t\t<section class=\"elementor-section elementor-top-section elementor-element elementor-element-15a87a56 elementor-section-full_width elementor-section-height-default elementor-section-height-default\" data-id=\"15a87a56\" data-element_type=\"section\" data-e-type=\"section\">\n\t\t\t\t\t\t<div class=\"elementor-container elementor-column-gap-no\">\n\t\t\t\t\t<div class=\"elementor-column elementor-col-100 elementor-top-column elementor-element elementor-element-5755491b\" data-id=\"5755491b\" data-element_type=\"column\" data-e-type=\"column\">\n\t\t\t<div class=\"elementor-widget-wrap elementor-element-populated\">\n\t\t\t\t\t\t<div class=\"elementor-element elementor-element-18daef44 elementor-widget elementor-widget-text-editor\" data-id=\"18daef44\" data-element_type=\"widget\" data-e-type=\"widget\" data-widget_type=\"text-editor.default\">\n\t\t\t\t\t\t\t\t\t<table class=\"obras\" border=\"0\" cellspacing=\"0\" cellpadding=\"5\">\n<tbody>\n<tr>\n<th class=\"title\">t\u00edtulo<\/th>\n<th class=\"instruments\">instrumentos<\/th>\n<th class=\"year\">opus e ano<\/th>\n<th class=\"time\">\u00a0<i class=\"fas fa-clock\" aria-hidden=\"true\"><\/i><\/th>\n<th class=\"price\">\u00a0<i class=\"fas fa-euro-sign\" aria-hidden=\"true\"><\/i><\/th>\n<th class=\"mp3\">\u00a0<i class=\"fas fa-music\" aria-hidden=\"true\"><\/i><\/th>\n<\/tr>\n<tr>\n<td><strong>isabel song<\/strong><\/td>\n<td>2 sax. altos, 2 sax. tenores, sax. bar\u00edtono e baixo el\u00e9trico ou faixa \u00e1udio<\/td>\n<td>217,2015<\/td>\n<td>4m<\/td>\n<td>50\u20ac<\/td>\n<td><audio class=\"wp-audio-shortcode\" id=\"audio-12890-1\" preload=\"none\" style=\"width: 100%;\" controls=\"controls\"><source type=\"audio\/mpeg\" src=\"https:\/\/jorgesalgueiro.com\/wp-content\/uploads\/opus_217_isabelsong.mp3?_=1\" \/><a href=\"https:\/\/jorgesalgueiro.com\/wp-content\/uploads\/opus_217_isabelsong.mp3\">https:\/\/jorgesalgueiro.com\/wp-content\/uploads\/opus_217_isabelsong.mp3<\/a><\/audio><\/td>\n<\/tr>\n<tr>\n<td><strong>soap bubbles factory<\/strong><\/td>\n<td>soprano sax, alto sax and soundtrack<\/td>\n<td>172,2011<\/td>\n<td>36m<\/td>\n<td>35\u20ac<\/td>\n<td><audio class=\"wp-audio-shortcode\" id=\"audio-12890-2\" preload=\"none\" style=\"width: 100%;\" controls=\"controls\"><source type=\"audio\/mpeg\" src=\"https:\/\/jorgesalgueiro.com\/wp-content\/uploads\/opus_1721.mp3?_=2\" \/><a href=\"https:\/\/jorgesalgueiro.com\/wp-content\/uploads\/opus_1721.mp3\">https:\/\/jorgesalgueiro.com\/wp-content\/uploads\/opus_1721.mp3<\/a><\/audio><\/td>\n<\/tr>\n<tr>\n<td><strong>the electronic doll<\/strong><\/td>\n<td>soprano sax and soundtrack (20\u20ac)<br \/>\nsoprano sax and accordion (30\u20ac)<br \/>\nsoprano sax and video with soundtrack (40\u20ac)<br \/>\nsoprano sax, accordion and soundtrack (50\u20ac)<br \/>\nsoprano sax, accordion and video with soundtrack (60\u20ac)<br \/>\nsoprano sax, accordion and string orchestra (80\u20ac)<br \/>\nsoprano sax, accordion and wind orchestra (100\u20ac)<\/td>\n<td>170,2010<\/td>\n<td>12m<\/td>\n<td>&#8211;<\/td>\n<td><audio class=\"wp-audio-shortcode\" id=\"audio-12890-3\" preload=\"none\" style=\"width: 100%;\" controls=\"controls\"><source type=\"audio\/mpeg\" src=\"https:\/\/jorgesalgueiro.com\/wp-content\/uploads\/opus_170_boneca.mp3?_=3\" \/><a href=\"https:\/\/jorgesalgueiro.com\/wp-content\/uploads\/opus_170_boneca.mp3\">https:\/\/jorgesalgueiro.com\/wp-content\/uploads\/opus_170_boneca.mp3<\/a><\/audio><\/td>\n<\/tr>\n<tr>\n<td><strong>repeat<\/strong><\/td>\n<td>sax ensemble (4 sopranos, 4 altos, 4 tenors and 2 baritones)<\/td>\n<td>161,2009<\/td>\n<td>5m<\/td>\n<td>50\u20ac<\/td>\n<td><audio class=\"wp-audio-shortcode\" id=\"audio-12890-4\" preload=\"none\" style=\"width: 100%;\" controls=\"controls\"><source type=\"audio\/mpeg\" src=\"https:\/\/jorgesalgueiro.com\/wp-content\/uploads\/opus_161_excertos.mp3?_=4\" \/><a href=\"https:\/\/jorgesalgueiro.com\/wp-content\/uploads\/opus_161_excertos.mp3\">https:\/\/jorgesalgueiro.com\/wp-content\/uploads\/opus_161_excertos.mp3<\/a><\/audio><\/td>\n<\/tr>\n<tr>\n<td><strong>concerto for saxophone quartet<\/strong><\/td>\n<td>saxophone quartet and orchestra or concert band<\/td>\n<td>160,2009<\/td>\n<td>12m<\/td>\n<td>100\u20ac band<br \/>\n300\u20ac orch.<\/td>\n<td><audio class=\"wp-audio-shortcode\" id=\"audio-12890-5\" preload=\"none\" style=\"width: 100%;\" controls=\"controls\"><source type=\"audio\/mpeg\" src=\"https:\/\/jorgesalgueiro.com\/wp-content\/uploads\/opus_160_excertos.mp3?_=5\" \/><a href=\"https:\/\/jorgesalgueiro.com\/wp-content\/uploads\/opus_160_excertos.mp3\">https:\/\/jorgesalgueiro.com\/wp-content\/uploads\/opus_160_excertos.mp3<\/a><\/audio><\/td>\n<\/tr>\n<tr>\n<td><strong>saxophonia<\/strong><\/td>\n<td>saxophone quartet<\/td>\n<td>140,2006<\/td>\n<td>10m<\/td>\n<td>40\u20ac<\/td>\n<td><audio class=\"wp-audio-shortcode\" id=\"audio-12890-6\" preload=\"none\" style=\"width: 100%;\" controls=\"controls\"><source type=\"audio\/mpeg\" src=\"https:\/\/jorgesalgueiro.com\/wp-content\/uploads\/opus_140.mp3?_=6\" \/><a href=\"https:\/\/jorgesalgueiro.com\/wp-content\/uploads\/opus_140.mp3\">https:\/\/jorgesalgueiro.com\/wp-content\/uploads\/opus_140.mp3<\/a><\/audio><\/td>\n<\/tr>\n<tr>\n<td><strong>the fantastic adventures of chickpea<\/strong><\/td>\n<td>actor and orchestra with saxophone<\/td>\n<td>137,2006<\/td>\n<td>30m<\/td>\n<td>*<\/td>\n<td><audio class=\"wp-audio-shortcode\" id=\"audio-12890-7\" preload=\"none\" style=\"width: 100%;\" controls=\"controls\"><source type=\"audio\/mpeg\" src=\"https:\/\/jorgesalgueiro.com\/wp-content\/uploads\/opus_137.mp3?_=7\" \/><a href=\"https:\/\/jorgesalgueiro.com\/wp-content\/uploads\/opus_137.mp3\">https:\/\/jorgesalgueiro.com\/wp-content\/uploads\/opus_137.mp3<\/a><\/audio><\/td>\n<\/tr>\n<tr>\n<td><strong>queren\u00e7a\u2019s mass<\/strong><\/td>\n<td>ensemble with saxophone<\/td>\n<td>132,2005<\/td>\n<td>12 min<\/td>\n<td>75\u20ac<\/td>\n<td><\/td>\n<\/tr>\n<tr>\n<td><strong>a celebration of hopes<\/strong><\/td>\n<td>soprano sax and accordion<\/td>\n<td>122,2004<\/td>\n<td>19m<\/td>\n<td>20\u20ac<\/td>\n<td><audio class=\"wp-audio-shortcode\" id=\"audio-12890-8\" preload=\"none\" style=\"width: 100%;\" controls=\"controls\"><source type=\"audio\/mpeg\" src=\"https:\/\/jorgesalgueiro.com\/wp-content\/uploads\/opus_122.mp3?_=8\" \/><a href=\"https:\/\/jorgesalgueiro.com\/wp-content\/uploads\/opus_122.mp3\">https:\/\/jorgesalgueiro.com\/wp-content\/uploads\/opus_122.mp3<\/a><\/audio><\/td>\n<\/tr>\n<tr>\n<td><strong>mass for peace<\/strong><\/td>\n<td>children, mixed choir and orchestra with saxophone<\/td>\n<td>106,2003<\/td>\n<td>15m<\/td>\n<td>75\u20ac<\/td>\n<td><audio class=\"wp-audio-shortcode\" id=\"audio-12890-9\" preload=\"none\" style=\"width: 100%;\" controls=\"controls\"><source type=\"audio\/mpeg\" src=\"https:\/\/jorgesalgueiro.com\/wp-content\/uploads\/opus_106_missa_pela_paz.mp3?_=9\" \/><a href=\"https:\/\/jorgesalgueiro.com\/wp-content\/uploads\/opus_106_missa_pela_paz.mp3\">https:\/\/jorgesalgueiro.com\/wp-content\/uploads\/opus_106_missa_pela_paz.mp3<\/a><\/audio><\/td>\n<\/tr>\n<tr>\n<td><strong>dog&#8217;s dances<\/strong><\/td>\n<td>alto sax and piano<\/td>\n<td>93,2001<\/td>\n<td>\u00a08m<\/td>\n<td>\u00a020\u20ac<\/td>\n<td><audio class=\"wp-audio-shortcode\" id=\"audio-12890-10\" preload=\"none\" style=\"width: 100%;\" controls=\"controls\"><source type=\"audio\/mpeg\" src=\"https:\/\/jorgesalgueiro.com\/wp-content\/uploads\/opus_93.mp3?_=10\" \/><a href=\"https:\/\/jorgesalgueiro.com\/wp-content\/uploads\/opus_93.mp3\">https:\/\/jorgesalgueiro.com\/wp-content\/uploads\/opus_93.mp3<\/a><\/audio><\/td>\n<\/tr>\n<tr>\n<td><strong>last wishes<\/strong><\/td>\n<td>soprano sax, violin, accordion, piano and double bass<\/td>\n<td>60,2001<\/td>\n<td>4m<\/td>\n<td>30\u20ac<\/td>\n<td><\/td>\n<\/tr>\n<tr>\n<td><strong>cabaret music<\/strong><\/td>\n<td>clarinet, alto and tenor sax, trumpet, trombone, tuba and piano<\/td>\n<td>35,1993<\/td>\n<td>25m<\/td>\n<td>50\u20ac<\/td>\n<td><\/td>\n<\/tr>\n<tr>\n<td><strong>sextet<\/strong><\/td>\n<td>soprano and bass clarinet, soprano and tenor sax, trumpet and tuba<\/td>\n<td>6,1986<\/td>\n<td>7m<\/td>\n<td>40\u20ac<\/td>\n<td><\/td>\n<\/tr>\n<\/tbody>\n<\/table>\n\t\t\t\t\t\t\t\t<\/div>\n\t\t\t\t\t<\/div>\n\t\t<\/div>\n\t\t\t\t\t<\/div>\n\t\t<\/section>\n\t\t\t\t<\/div>\n\t\t","protected":false},"excerpt":{"rendered":"<p>t\u00edtulo instrumentos opus e ano \u00a0 \u00a0 \u00a0 isabel song 2 sax. altos, 2 sax. tenores, sax. bar\u00edtono e baixo el\u00e9trico ou faixa \u00e1udio 217,2015 4m 50\u20ac soap bubbles factory soprano sax, alto sax and soundtrack 172,2011 36m 35\u20ac the electronic doll soprano sax and soundtrack (20\u20ac) soprano sax and accordion (30\u20ac) soprano sax and [&hellip;]<\/p>\n","protected":false},"author":1,"featured_media":0,"parent":12811,"menu_order":0,"comment_status":"closed","ping_status":"closed","template":"","meta":{"iawp_total_views":8,"footnotes":""},"class_list":["post-12890","page","type-page","status-publish","hentry"],"_links":{"self":[{"href":"https:\/\/jorgesalgueiro.com\/en\/wp-json\/wp\/v2\/pages\/12890","targetHints":{"allow":["GET"]}}],"collection":[{"href":"https:\/\/jorgesalgueiro.com\/en\/wp-json\/wp\/v2\/pages"}],"about":[{"href":"https:\/\/jorgesalgueiro.com\/en\/wp-json\/wp\/v2\/types\/page"}],"author":[{"embeddable":true,"href":"https:\/\/jorgesalgueiro.com\/en\/wp-json\/wp\/v2\/users\/1"}],"replies":[{"embeddable":true,"href":"https:\/\/jorgesalgueiro.com\/en\/wp-json\/wp\/v2\/comments?post=12890"}],"version-history":[{"count":2,"href":"https:\/\/jorgesalgueiro.com\/en\/wp-json\/wp\/v2\/pages\/12890\/revisions"}],"predecessor-version":[{"id":13451,"href":"https:\/\/jorgesalgueiro.com\/en\/wp-json\/wp\/v2\/pages\/12890\/revisions\/13451"}],"up":[{"embeddable":true,"href":"https:\/\/jorgesalgueiro.com\/en\/wp-json\/wp\/v2\/pages\/12811"}],"wp:attachment":[{"href":"https:\/\/jorgesalgueiro.com\/en\/wp-json\/wp\/v2\/media?parent=12890"}],"curies":[{"name":"wp","href":"https:\/\/api.w.org\/{rel}","templated":true}]}}