{"id":12797,"date":"2020-08-18T14:53:41","date_gmt":"2020-08-18T14:53:41","guid":{"rendered":"https:\/\/jorgesalgueiro.com\/news-2\/"},"modified":"2022-07-19T11:59:05","modified_gmt":"2022-07-19T11:59:05","slug":"news-2","status":"publish","type":"page","link":"https:\/\/jorgesalgueiro.com\/en\/","title":{"rendered":"news"},"content":{"rendered":"\t\t<div data-elementor-type=\"wp-page\" data-elementor-id=\"12797\" class=\"elementor elementor-12797 elementor-12772\" data-elementor-post-type=\"page\">\n\t\t\t\t<div class=\"elementor-element elementor-element-bbd6b4e e-con-full e-flex e-con e-parent\" data-id=\"bbd6b4e\" data-element_type=\"container\" data-e-type=\"container\">\n\t\t\t\t<div class=\"elementor-element elementor-element-93118b9 elementor-grid-4 elementor-posts--align-left elementor-grid-tablet-2 elementor-grid-mobile-1 elementor-posts--thumbnail-top elementor-widget elementor-widget-posts\" data-id=\"93118b9\" data-element_type=\"widget\" data-e-type=\"widget\" data-settings=\"{&quot;classic_columns&quot;:&quot;4&quot;,&quot;classic_masonry&quot;:&quot;yes&quot;,&quot;pagination_type&quot;:&quot;numbers&quot;,&quot;classic_row_gap_tablet&quot;:{&quot;unit&quot;:&quot;px&quot;,&quot;size&quot;:20,&quot;sizes&quot;:[]},&quot;classic_columns_tablet&quot;:&quot;2&quot;,&quot;classic_columns_mobile&quot;:&quot;1&quot;,&quot;classic_row_gap&quot;:{&quot;unit&quot;:&quot;px&quot;,&quot;size&quot;:35,&quot;sizes&quot;:[]},&quot;classic_row_gap_mobile&quot;:{&quot;unit&quot;:&quot;px&quot;,&quot;size&quot;:&quot;&quot;,&quot;sizes&quot;:[]}}\" data-widget_type=\"posts.classic\">\n\t\t\t\t<div class=\"elementor-widget-container\">\n\t\t\t\t\t\t\t<div class=\"elementor-posts-container elementor-posts elementor-posts--skin-classic elementor-grid\" role=\"list\">\n\t\t\t\t<article class=\"elementor-post elementor-grid-item post-12681 post type-post status-publish format-standard has-post-thumbnail hentry category-uncategorized\" role=\"listitem\">\n\t\t\t\t<a class=\"elementor-post__thumbnail__link\" href=\"https:\/\/jorgesalgueiro.com\/en\/ver-e-ler-ler-e-ver-livro-com-cd\/\" tabindex=\"-1\" >\n\t\t\t<div class=\"elementor-post__thumbnail\"><img loading=\"lazy\" decoding=\"async\" width=\"500\" height=\"448\" src=\"https:\/\/jorgesalgueiro.com\/wp-content\/uploads\/LER-E-VER-capa-final_1-500x448.jpg\" class=\"attachment-medium size-medium wp-image-12679\" alt=\"\" srcset=\"https:\/\/jorgesalgueiro.com\/wp-content\/uploads\/LER-E-VER-capa-final_1-500x448.jpg 500w, https:\/\/jorgesalgueiro.com\/wp-content\/uploads\/LER-E-VER-capa-final_1-1024x917.jpg 1024w, https:\/\/jorgesalgueiro.com\/wp-content\/uploads\/LER-E-VER-capa-final_1.jpg 1200w\" sizes=\"auto, (max-width: 500px) 100vw, 500px\" \/><\/div>\n\t\t<\/a>\n\t\t\t\t<div class=\"elementor-post__text\">\n\t\t\t\t<h3 class=\"elementor-post__title\">\n\t\t\t<a href=\"https:\/\/jorgesalgueiro.com\/en\/ver-e-ler-ler-e-ver-livro-com-cd\/\" >\n\t\t\t\tVER E LER, LER E VER | livro com CD\t\t\t<\/a>\n\t\t<\/h3>\n\t\t\t\t<div class=\"elementor-post__excerpt\">\n\t\t\t<p>VER E LER, LER E VER | livro com CD \u00f3pera com libreto de Gon\u00e7alo M. Tavares, m\u00fasica de Jorge Salgueiro, ilustra\u00e7\u00f5es de Maria Madalena<\/p>\n\t\t<\/div>\n\t\t\n\t\t<a class=\"elementor-post__read-more\" href=\"https:\/\/jorgesalgueiro.com\/en\/ver-e-ler-ler-e-ver-livro-com-cd\/\" aria-label=\"Read more about VER E LER, LER E VER | livro com CD\" tabindex=\"-1\" >\n\t\t\tLer mais \u00bb\t\t<\/a>\n\n\t\t\t\t<\/div>\n\t\t\t\t<\/article>\n\t\t\t\t<article class=\"elementor-post elementor-grid-item post-12393 post type-post status-publish format-standard has-post-thumbnail hentry category-uncategorized\" role=\"listitem\">\n\t\t\t\t<a class=\"elementor-post__thumbnail__link\" href=\"https:\/\/jorgesalgueiro.com\/en\/cd-inferno\/\" tabindex=\"-1\" >\n\t\t\t<div class=\"elementor-post__thumbnail\"><img loading=\"lazy\" decoding=\"async\" width=\"500\" height=\"435\" src=\"https:\/\/jorgesalgueiro.com\/wp-content\/uploads\/20190527_184607-500x435.jpg\" class=\"attachment-medium size-medium wp-image-12392\" alt=\"\" srcset=\"https:\/\/jorgesalgueiro.com\/wp-content\/uploads\/20190527_184607-500x435.jpg 500w, https:\/\/jorgesalgueiro.com\/wp-content\/uploads\/20190527_184607-1024x892.jpg 1024w, https:\/\/jorgesalgueiro.com\/wp-content\/uploads\/20190527_184607.jpg 1200w\" sizes=\"auto, (max-width: 500px) 100vw, 500px\" \/><\/div>\n\t\t<\/a>\n\t\t\t\t<div class=\"elementor-post__text\">\n\t\t\t\t<h3 class=\"elementor-post__title\">\n\t\t\t<a href=\"https:\/\/jorgesalgueiro.com\/en\/cd-inferno\/\" >\n\t\t\t\tCD | INFERNO\t\t\t<\/a>\n\t\t<\/h3>\n\t\t\t\t<div class=\"elementor-post__excerpt\">\n\t\t\t<p>CD INFERNO o CD duplo &#8220;A Divina Com\u00e9dia &#8211; INFERNO&#8221; re\u00fane as composi\u00e7\u00f5es de Jorge Salgueiro para o espect\u00e1culo INFERNO, cria\u00e7\u00e3o do Bando estreada em<\/p>\n\t\t<\/div>\n\t\t\n\t\t<a class=\"elementor-post__read-more\" href=\"https:\/\/jorgesalgueiro.com\/en\/cd-inferno\/\" aria-label=\"Read more about CD | INFERNO\" tabindex=\"-1\" >\n\t\t\tLer mais \u00bb\t\t<\/a>\n\n\t\t\t\t<\/div>\n\t\t\t\t<\/article>\n\t\t\t\t<article class=\"elementor-post elementor-grid-item post-12332 post type-post status-publish format-standard has-post-thumbnail hentry category-uncategorized\" role=\"listitem\">\n\t\t\t\t<a class=\"elementor-post__thumbnail__link\" href=\"https:\/\/jorgesalgueiro.com\/en\/hotel-imperio-estreia-nacional\/\" tabindex=\"-1\" >\n\t\t\t<div class=\"elementor-post__thumbnail\"><img loading=\"lazy\" decoding=\"async\" width=\"393\" height=\"500\" src=\"https:\/\/jorgesalgueiro.com\/wp-content\/uploads\/57303270_3250181355007651_7194550526992711680_o-B-393x500.jpg\" class=\"attachment-medium size-medium wp-image-12333\" alt=\"\" srcset=\"https:\/\/jorgesalgueiro.com\/wp-content\/uploads\/57303270_3250181355007651_7194550526992711680_o-B-393x500.jpg 393w, https:\/\/jorgesalgueiro.com\/wp-content\/uploads\/57303270_3250181355007651_7194550526992711680_o-B.jpg 753w\" sizes=\"auto, (max-width: 393px) 100vw, 393px\" \/><\/div>\n\t\t<\/a>\n\t\t\t\t<div class=\"elementor-post__text\">\n\t\t\t\t<h3 class=\"elementor-post__title\">\n\t\t\t<a href=\"https:\/\/jorgesalgueiro.com\/en\/hotel-imperio-estreia-nacional\/\" >\n\t\t\t\thotel imp\u00e9rio | estreia nacional\t\t\t<\/a>\n\t\t<\/h3>\n\t\t\t\t<div class=\"elementor-post__excerpt\">\n\t\t\t<p>a partir de 9 de maio HOTEL IMP\u00c9RIO, estreia nacional Cinema IDEAL, Cinema City Portugal, Espa\u00e7o Nimas, Cinemas NOS, Cinemas NOS Amoreiras, Cinemas NOS Oeiras<\/p>\n\t\t<\/div>\n\t\t\n\t\t<a class=\"elementor-post__read-more\" href=\"https:\/\/jorgesalgueiro.com\/en\/hotel-imperio-estreia-nacional\/\" aria-label=\"Read more about hotel imp\u00e9rio | estreia nacional\" tabindex=\"-1\" >\n\t\t\tLer mais \u00bb\t\t<\/a>\n\n\t\t\t\t<\/div>\n\t\t\t\t<\/article>\n\t\t\t\t<article class=\"elementor-post elementor-grid-item post-11943 post type-post status-publish format-standard has-post-thumbnail hentry category-uncategorized\" role=\"listitem\">\n\t\t\t\t<a class=\"elementor-post__thumbnail__link\" href=\"https:\/\/jorgesalgueiro.com\/en\/eros-erotic-and-love-songs-vol-1\/\" tabindex=\"-1\" >\n\t\t\t<div class=\"elementor-post__thumbnail\"><img loading=\"lazy\" decoding=\"async\" width=\"500\" height=\"181\" src=\"https:\/\/jorgesalgueiro.com\/wp-content\/uploads\/CD-eros-K2-500x181.jpg\" class=\"attachment-medium size-medium wp-image-11941\" alt=\"\" srcset=\"https:\/\/jorgesalgueiro.com\/wp-content\/uploads\/CD-eros-K2-500x181.jpg 500w, https:\/\/jorgesalgueiro.com\/wp-content\/uploads\/CD-eros-K2.jpg 772w\" sizes=\"auto, (max-width: 500px) 100vw, 500px\" \/><\/div>\n\t\t<\/a>\n\t\t\t\t<div class=\"elementor-post__text\">\n\t\t\t\t<h3 class=\"elementor-post__title\">\n\t\t\t<a href=\"https:\/\/jorgesalgueiro.com\/en\/eros-erotic-and-love-songs-vol-1\/\" >\n\t\t\t\tEROS, erotic and love songs | vol. 1\t\t\t<\/a>\n\t\t<\/h3>\n\t\t\t\t<div class=\"elementor-post__excerpt\">\n\t\t\t<p>EROS, erotic and love songs | vol. 1 dispon\u00edvel nas FNAC e agora tamb\u00e9m atrav\u00e9s do email arvoredecristal@gmail.com m\u00fasica de Jorge Salgueiro para os seguintes<\/p>\n\t\t<\/div>\n\t\t\n\t\t<a class=\"elementor-post__read-more\" href=\"https:\/\/jorgesalgueiro.com\/en\/eros-erotic-and-love-songs-vol-1\/\" aria-label=\"Read more about EROS, erotic and love songs | vol. 1\" tabindex=\"-1\" >\n\t\t\tLer mais \u00bb\t\t<\/a>\n\n\t\t\t\t<\/div>\n\t\t\t\t<\/article>\n\t\t\t\t<article class=\"elementor-post elementor-grid-item post-11087 post type-post status-publish format-standard has-post-thumbnail hentry category-uncategorized\" role=\"listitem\">\n\t\t\t\t<a class=\"elementor-post__thumbnail__link\" href=\"https:\/\/jorgesalgueiro.com\/en\/setubal-voz-choir-artistic-director\/\" tabindex=\"-1\" >\n\t\t\t<div class=\"elementor-post__thumbnail\"><img loading=\"lazy\" decoding=\"async\" width=\"500\" height=\"321\" src=\"https:\/\/jorgesalgueiro.com\/wp-content\/uploads\/setubal-voz-logo3-500x321.jpg\" class=\"attachment-medium size-medium wp-image-11089\" alt=\"\" srcset=\"https:\/\/jorgesalgueiro.com\/wp-content\/uploads\/setubal-voz-logo3-500x321.jpg 500w, https:\/\/jorgesalgueiro.com\/wp-content\/uploads\/setubal-voz-logo3.jpg 753w\" sizes=\"auto, (max-width: 500px) 100vw, 500px\" \/><\/div>\n\t\t<\/a>\n\t\t\t\t<div class=\"elementor-post__text\">\n\t\t\t\t<h3 class=\"elementor-post__title\">\n\t\t\t<a href=\"https:\/\/jorgesalgueiro.com\/en\/setubal-voz-choir-artistic-director\/\" >\n\t\t\t\tSET\u00daBAL VOZ choir | artistic director\t\t\t<\/a>\n\t\t<\/h3>\n\t\t\t\t<div class=\"elementor-post__excerpt\">\n\t\t\t<p>2017\/8 On October 2 2017, Jorge Salgueiro became the artistic director of SET\u00daBAL VOZ choir.<\/p>\n\t\t<\/div>\n\t\t\n\t\t<a class=\"elementor-post__read-more\" href=\"https:\/\/jorgesalgueiro.com\/en\/setubal-voz-choir-artistic-director\/\" aria-label=\"Read more about SET\u00daBAL VOZ choir | artistic director\" tabindex=\"-1\" >\n\t\t\tLer mais \u00bb\t\t<\/a>\n\n\t\t\t\t<\/div>\n\t\t\t\t<\/article>\n\t\t\t\t<article class=\"elementor-post elementor-grid-item post-10030 post type-post status-publish format-standard has-post-thumbnail hentry category-uncategorized\" role=\"listitem\">\n\t\t\t\t<a class=\"elementor-post__thumbnail__link\" href=\"https:\/\/jorgesalgueiro.com\/en\/unpredictable-dialogues-from-the-clouds-cd-available\/\" tabindex=\"-1\" >\n\t\t\t<div class=\"elementor-post__thumbnail\"><img loading=\"lazy\" decoding=\"async\" width=\"500\" height=\"220\" src=\"https:\/\/jorgesalgueiro.com\/wp-content\/uploads\/fotografia-completa-c-texto-CD-menor-500x220.jpg\" class=\"attachment-medium size-medium wp-image-10026\" alt=\"\" srcset=\"https:\/\/jorgesalgueiro.com\/wp-content\/uploads\/fotografia-completa-c-texto-CD-menor-500x220.jpg 500w, https:\/\/jorgesalgueiro.com\/wp-content\/uploads\/fotografia-completa-c-texto-CD-menor-1024x451.jpg 1024w, https:\/\/jorgesalgueiro.com\/wp-content\/uploads\/fotografia-completa-c-texto-CD-menor.jpg 1200w\" sizes=\"auto, (max-width: 500px) 100vw, 500px\" \/><\/div>\n\t\t<\/a>\n\t\t\t\t<div class=\"elementor-post__text\">\n\t\t\t\t<h3 class=\"elementor-post__title\">\n\t\t\t<a href=\"https:\/\/jorgesalgueiro.com\/en\/unpredictable-dialogues-from-the-clouds-cd-available\/\" >\n\t\t\t\tUNPREDICTABLE DIALOGUES FROM THE CLOUDS | cd available\t\t\t<\/a>\n\t\t<\/h3>\n\t\t\t\t<div class=\"elementor-post__excerpt\">\n\t\t\t<p>music by Jorge Salgueiro for 2 creations by O Bando Theater. piano C\u00e2ndido Fernandes, harp Ana Isabel Dias, orchestra conducted by the composer. 10\u20ac leave<\/p>\n\t\t<\/div>\n\t\t\n\t\t<a class=\"elementor-post__read-more\" href=\"https:\/\/jorgesalgueiro.com\/en\/unpredictable-dialogues-from-the-clouds-cd-available\/\" aria-label=\"Read more about UNPREDICTABLE DIALOGUES FROM THE CLOUDS | cd available\" tabindex=\"-1\" >\n\t\t\tLer mais \u00bb\t\t<\/a>\n\n\t\t\t\t<\/div>\n\t\t\t\t<\/article>\n\t\t\t\t<article class=\"elementor-post elementor-grid-item post-9677 post type-post status-publish format-standard has-post-thumbnail hentry category-uncategorized\" role=\"listitem\">\n\t\t\t\t<a class=\"elementor-post__thumbnail__link\" href=\"https:\/\/jorgesalgueiro.com\/en\/saxophone-cd-available-joao-pedro-silva-plays-jorge-salgueiro\/\" tabindex=\"-1\" >\n\t\t\t<div class=\"elementor-post__thumbnail\"><img loading=\"lazy\" decoding=\"async\" width=\"500\" height=\"450\" src=\"https:\/\/jorgesalgueiro.com\/wp-content\/uploads\/saxofone_apresentacao-500x450.jpg\" class=\"attachment-medium size-medium wp-image-1316\" alt=\"\" srcset=\"https:\/\/jorgesalgueiro.com\/wp-content\/uploads\/saxofone_apresentacao-500x450.jpg 500w, https:\/\/jorgesalgueiro.com\/wp-content\/uploads\/saxofone_apresentacao.jpg 787w\" sizes=\"auto, (max-width: 500px) 100vw, 500px\" \/><\/div>\n\t\t<\/a>\n\t\t\t\t<div class=\"elementor-post__text\">\n\t\t\t\t<h3 class=\"elementor-post__title\">\n\t\t\t<a href=\"https:\/\/jorgesalgueiro.com\/en\/saxophone-cd-available-joao-pedro-silva-plays-jorge-salgueiro\/\" >\n\t\t\t\tSAXOPHONE | CD available\t\t\t<\/a>\n\t\t<\/h3>\n\t\t\t\t<div class=\"elementor-post__excerpt\">\n\t\t\t<p>works for saxophone vol. 2. music composed by Jorge Salgueiro and performed by Jo\u00e3o Pedro Silva and guest artists. 10\u20ac or 15\u20ac vol.1 + vol.2.<\/p>\n\t\t<\/div>\n\t\t\n\t\t<a class=\"elementor-post__read-more\" href=\"https:\/\/jorgesalgueiro.com\/en\/saxophone-cd-available-joao-pedro-silva-plays-jorge-salgueiro\/\" aria-label=\"Read more about SAXOPHONE | CD available\" tabindex=\"-1\" >\n\t\t\tLer mais \u00bb\t\t<\/a>\n\n\t\t\t\t<\/div>\n\t\t\t\t<\/article>\n\t\t\t\t<article class=\"elementor-post elementor-grid-item post-9716 post type-post status-publish format-standard has-post-thumbnail hentry category-uncategorized\" role=\"listitem\">\n\t\t\t\t<a class=\"elementor-post__thumbnail__link\" href=\"https:\/\/jorgesalgueiro.com\/en\/turtle-project-awarded\/\" tabindex=\"-1\" >\n\t\t\t<div class=\"elementor-post__thumbnail\"><img loading=\"lazy\" decoding=\"async\" width=\"500\" height=\"389\" src=\"https:\/\/jorgesalgueiro.com\/wp-content\/uploads\/YAMA5-PT-500x389.jpg\" class=\"attachment-medium size-medium wp-image-9717\" alt=\"\" srcset=\"https:\/\/jorgesalgueiro.com\/wp-content\/uploads\/YAMA5-PT-500x389.jpg 500w, https:\/\/jorgesalgueiro.com\/wp-content\/uploads\/YAMA5-PT.jpg 772w\" sizes=\"auto, (max-width: 500px) 100vw, 500px\" \/><\/div>\n\t\t<\/a>\n\t\t\t\t<div class=\"elementor-post__text\">\n\t\t\t\t<h3 class=\"elementor-post__title\">\n\t\t\t<a href=\"https:\/\/jorgesalgueiro.com\/en\/turtle-project-awarded\/\" >\n\t\t\t\tTURTLE PROJECT awarded\t\t\t<\/a>\n\t\t<\/h3>\n\t\t\t\t<div class=\"elementor-post__excerpt\">\n\t\t\t<p>TURTLE PROJECT won YAMA PUBLIC CHOICE AWARD 2015: The Young Audiences Music Awards (YAMA) honors creativity and innovation in the field of musical productions for<\/p>\n\t\t<\/div>\n\t\t\n\t\t<a class=\"elementor-post__read-more\" href=\"https:\/\/jorgesalgueiro.com\/en\/turtle-project-awarded\/\" aria-label=\"Read more about TURTLE PROJECT awarded\" tabindex=\"-1\" >\n\t\t\tLer mais \u00bb\t\t<\/a>\n\n\t\t\t\t<\/div>\n\t\t\t\t<\/article>\n\t\t\t\t<article class=\"elementor-post elementor-grid-item post-9705 post type-post status-publish format-standard has-post-thumbnail hentry category-uncategorized\" role=\"listitem\">\n\t\t\t\t<a class=\"elementor-post__thumbnail__link\" href=\"https:\/\/jorgesalgueiro.com\/en\/cd-available\/\" tabindex=\"-1\" >\n\t\t\t<div class=\"elementor-post__thumbnail\"><img loading=\"lazy\" decoding=\"async\" width=\"500\" height=\"447\" src=\"https:\/\/jorgesalgueiro.com\/wp-content\/uploads\/discografia_aindanaoeofim-500x447.jpg\" class=\"attachment-medium size-medium wp-image-519\" alt=\"Discografia Ainda n\u00e3o \u00e9 o Fim\" \/><\/div>\n\t\t<\/a>\n\t\t\t\t<div class=\"elementor-post__text\">\n\t\t\t\t<h3 class=\"elementor-post__title\">\n\t\t\t<a href=\"https:\/\/jorgesalgueiro.com\/en\/cd-available\/\" >\n\t\t\t\tCD available\t\t\t<\/a>\n\t\t<\/h3>\n\t\t\t\t<div class=\"elementor-post__excerpt\">\n\t\t\t<p>cd available AINDA N\u00c3O \u00c9 O FIM. Music composed by Jorge Salgueiro and performed by Big Band Loureiros and pianist C\u00e2ndido Fernandes. 10\u20ac. Please, leave<\/p>\n\t\t<\/div>\n\t\t\n\t\t<a class=\"elementor-post__read-more\" href=\"https:\/\/jorgesalgueiro.com\/en\/cd-available\/\" aria-label=\"Read more about CD available\" tabindex=\"-1\" >\n\t\t\tLer mais \u00bb\t\t<\/a>\n\n\t\t\t\t<\/div>\n\t\t\t\t<\/article>\n\t\t\t\t<article class=\"elementor-post elementor-grid-item post-9965 post type-post status-publish format-standard has-post-thumbnail hentry category-uncategorized\" role=\"listitem\">\n\t\t\t\t<a class=\"elementor-post__thumbnail__link\" href=\"https:\/\/jorgesalgueiro.com\/en\/turtle-project-available\/\" tabindex=\"-1\" >\n\t\t\t<div class=\"elementor-post__thumbnail\"><img loading=\"lazy\" decoding=\"async\" width=\"335\" height=\"450\" src=\"https:\/\/jorgesalgueiro.com\/wp-content\/uploads\/bibliografia_tartaruga.png\" class=\"attachment-medium size-medium wp-image-116\" alt=\"bibliografia Projeto Tartaruga\" \/><\/div>\n\t\t<\/a>\n\t\t\t\t<div class=\"elementor-post__text\">\n\t\t\t\t<h3 class=\"elementor-post__title\">\n\t\t\t<a href=\"https:\/\/jorgesalgueiro.com\/en\/turtle-project-available\/\" >\n\t\t\t\tTURTLE PROJECT | available\t\t\t<\/a>\n\t\t<\/h3>\n\t\t\t\t<div class=\"elementor-post__excerpt\">\n\t\t\t<p>TURTLE PROJECT | available available: Comics + Double CD (analysis of the instruments and illustrated story): 25\u20ac only CD: 10\u20ac<\/p>\n\t\t<\/div>\n\t\t\n\t\t<a class=\"elementor-post__read-more\" href=\"https:\/\/jorgesalgueiro.com\/en\/turtle-project-available\/\" aria-label=\"Read more about TURTLE PROJECT | available\" tabindex=\"-1\" >\n\t\t\tLer mais \u00bb\t\t<\/a>\n\n\t\t\t\t<\/div>\n\t\t\t\t<\/article>\n\t\t\t\t<article class=\"elementor-post elementor-grid-item post-11608 post type-post status-publish format-standard has-post-thumbnail hentry category-uncategorized\" role=\"listitem\">\n\t\t\t\t<a class=\"elementor-post__thumbnail__link\" href=\"https:\/\/jorgesalgueiro.com\/en\/conquista-me-casino-lisboa\/\" tabindex=\"-1\" >\n\t\t\t<div class=\"elementor-post__thumbnail\"><img loading=\"lazy\" decoding=\"async\" width=\"500\" height=\"333\" src=\"https:\/\/jorgesalgueiro.com\/wp-content\/uploads\/mater-redondo1-12-10-07-112-500x333.jpg\" class=\"attachment-medium size-medium wp-image-11606\" alt=\"\" srcset=\"https:\/\/jorgesalgueiro.com\/wp-content\/uploads\/mater-redondo1-12-10-07-112-500x333.jpg 500w, https:\/\/jorgesalgueiro.com\/wp-content\/uploads\/mater-redondo1-12-10-07-112-1024x683.jpg 1024w, https:\/\/jorgesalgueiro.com\/wp-content\/uploads\/mater-redondo1-12-10-07-112.jpg 1200w\" sizes=\"auto, (max-width: 500px) 100vw, 500px\" \/><\/div>\n\t\t<\/a>\n\t\t\t\t<div class=\"elementor-post__text\">\n\t\t\t\t<h3 class=\"elementor-post__title\">\n\t\t\t<a href=\"https:\/\/jorgesalgueiro.com\/en\/conquista-me-casino-lisboa\/\" >\n\t\t\t\tCONQUISTA-ME | casino lisboa\t\t\t<\/a>\n\t\t<\/h3>\n\t\t\t\t<div class=\"elementor-post__excerpt\">\n\t\t\t<p>20 de setembro 2018 CONQUISTA-ME no Casino Lisboa\u00a0\u00a0dan\u00e7ado pela Amalgama Companhia de Dan\u00e7a\u00a0\u00e0s 20h. Casino Arts Metting \/ Plataforma Unitygate &#8211; Pontes Interculturais Oriente Ocidente.<\/p>\n\t\t<\/div>\n\t\t\n\t\t<a class=\"elementor-post__read-more\" href=\"https:\/\/jorgesalgueiro.com\/en\/conquista-me-casino-lisboa\/\" aria-label=\"Read more about CONQUISTA-ME | casino lisboa\" tabindex=\"-1\" >\n\t\t\tLer mais \u00bb\t\t<\/a>\n\n\t\t\t\t<\/div>\n\t\t\t\t<\/article>\n\t\t\t\t<article class=\"elementor-post elementor-grid-item post-11406 post type-post status-publish format-standard has-post-thumbnail hentry category-uncategorized\" role=\"listitem\">\n\t\t\t\t<a class=\"elementor-post__thumbnail__link\" href=\"https:\/\/jorgesalgueiro.com\/en\/salvamento-lisboa\/\" tabindex=\"-1\" >\n\t\t\t<div class=\"elementor-post__thumbnail\"><img loading=\"lazy\" decoding=\"async\" width=\"439\" height=\"415\" src=\"https:\/\/jorgesalgueiro.com\/wp-content\/uploads\/pedro-ferreira2-jo\u00e3o-costa-paula.jpg\" class=\"attachment-medium size-medium wp-image-10519\" alt=\"\" \/><\/div>\n\t\t<\/a>\n\t\t\t\t<div class=\"elementor-post__text\">\n\t\t\t\t<h3 class=\"elementor-post__title\">\n\t\t\t<a href=\"https:\/\/jorgesalgueiro.com\/en\/salvamento-lisboa\/\" >\n\t\t\t\tSALVAMENTO | Lisbon\t\t\t<\/a>\n\t\t<\/h3>\n\t\t\t\t<div class=\"elementor-post__excerpt\">\n\t\t\t<p>9 June 2018 SAVING LIVES, Wind Orchestra and Chorus by The National Conservatory of Lisbon Audit\u00f3rio da Faculdade de Medicina Dent\u00e1ria, 3:30 and 5:30 pm,\u00a05\u20ac<\/p>\n\t\t<\/div>\n\t\t\n\t\t<a class=\"elementor-post__read-more\" href=\"https:\/\/jorgesalgueiro.com\/en\/salvamento-lisboa\/\" aria-label=\"Read more about SALVAMENTO | Lisbon\" tabindex=\"-1\" >\n\t\t\tLer mais \u00bb\t\t<\/a>\n\n\t\t\t\t<\/div>\n\t\t\t\t<\/article>\n\t\t\t\t<\/div>\n\t\t\n\t\t\t\t<div class=\"e-load-more-anchor\" data-page=\"1\" data-max-page=\"2\" data-next-page=\"https:\/\/jorgesalgueiro.com\/en\/wp-json\/wp\/v2\/pages\/12797\/page\/2\/\"><\/div>\n\t\t\t\t<nav class=\"elementor-pagination\" aria-label=\"Pagination\">\n\t\t\t<span aria-current=\"page\" class=\"page-numbers current\"><span class=\"elementor-screen-only\">Page<\/span>1<\/span>\n<a class=\"page-numbers\" href=\"https:\/\/jorgesalgueiro.com\/en\/wp-json\/wp\/v2\/pages\/12797\/page\/2\/\"><span class=\"elementor-screen-only\">Page<\/span>2<\/a>\t\t<\/nav>\n\t\t\t\t\t\t<\/div>\n\t\t\t\t<\/div>\n\t\t\t\t<\/div>\n\t\t\t\t<\/div>\n\t\t","protected":false},"excerpt":{"rendered":"","protected":false},"author":1,"featured_media":0,"parent":0,"menu_order":2,"comment_status":"closed","ping_status":"closed","template":"","meta":{"iawp_total_views":22,"footnotes":""},"class_list":["post-12797","page","type-page","status-publish","hentry"],"_links":{"self":[{"href":"https:\/\/jorgesalgueiro.com\/en\/wp-json\/wp\/v2\/pages\/12797","targetHints":{"allow":["GET"]}}],"collection":[{"href":"https:\/\/jorgesalgueiro.com\/en\/wp-json\/wp\/v2\/pages"}],"about":[{"href":"https:\/\/jorgesalgueiro.com\/en\/wp-json\/wp\/v2\/types\/page"}],"author":[{"embeddable":true,"href":"https:\/\/jorgesalgueiro.com\/en\/wp-json\/wp\/v2\/users\/1"}],"replies":[{"embeddable":true,"href":"https:\/\/jorgesalgueiro.com\/en\/wp-json\/wp\/v2\/comments?post=12797"}],"version-history":[{"count":3,"href":"https:\/\/jorgesalgueiro.com\/en\/wp-json\/wp\/v2\/pages\/12797\/revisions"}],"predecessor-version":[{"id":13724,"href":"https:\/\/jorgesalgueiro.com\/en\/wp-json\/wp\/v2\/pages\/12797\/revisions\/13724"}],"wp:attachment":[{"href":"https:\/\/jorgesalgueiro.com\/en\/wp-json\/wp\/v2\/media?parent=12797"}],"curies":[{"name":"wp","href":"https:\/\/api.w.org\/{rel}","templated":true}]}}